{"id":2944,"date":"2017-06-21T12:00:31","date_gmt":"2017-06-21T10:00:31","guid":{"rendered":"http:\/\/www.sfeerstal.nl\/kontact\/"},"modified":"2024-10-28T13:15:58","modified_gmt":"2024-10-28T12:15:58","slug":"kontact","status":"publish","type":"page","link":"https:\/\/www.sfeerstal.nl\/de\/kontact\/","title":{"rendered":"Kontact"},"content":{"rendered":"<p><div class=\"fusion-fullwidth fullwidth-box fusion-builder-row-1 nonhundred-percent-fullwidth non-hundred-percent-height-scrolling\" style=\"--awb-background-position:left top;--awb-border-sizes-top:0px;--awb-border-sizes-bottom:0px;--awb-border-sizes-left:0px;--awb-border-sizes-right:0px;--awb-border-radius-top-left:0px;--awb-border-radius-top-right:0px;--awb-border-radius-bottom-right:0px;--awb-border-radius-bottom-left:0px;--awb-padding-top:0px;--awb-padding-bottom:0px;--awb-flex-wrap:wrap;\" ><div class=\"fusion-builder-row fusion-row\"><div class=\"fusion-layout-column fusion_builder_column fusion-builder-column-0 fusion_builder_column_2_3 2_3 fusion-two-third fusion-column-first\" style=\"--awb-bg-size:cover;width:65.3333%; margin-right: 4%;\"><div class=\"fusion-column-wrapper fusion-flex-column-wrapper-legacy\"><iframe src=\"https:\/\/www.google.com\/maps\/embed?pb=!1m18!1m12!1m3!1d131556.98278005575!2d4.667424375448764!3d52.2159912649404!2m3!1f0!2f0!3f0!3m2!1i1024!2i768!4f13.1!3m3!1m2!1s0x47c5deafc272bf7b%3A0xad8f629034129a52!2sTheehuis%20en%20B%26B%20Hotel%20De%20Sfeerstal!5e0!3m2!1snl!2snl!4v1641319833577!5m2!1snl!2snl\" width=\"100%\" height=\"300\" style=\"border:0;\" allowfullscreen=\"\" loading=\"lazy\"><\/iframe><div class=\"fusion-sep-clear\"><\/div><div class=\"fusion-separator fusion-full-width-sep\" style=\"margin-left: auto;margin-right: auto;margin-top:20px;width:100%;\"><\/div><div class=\"fusion-sep-clear\"><\/div><div class=\"fusion-text fusion-text-1\"><p><em><strong>Telefon wird nicht angenommen?<\/strong> <\/em><br \/>\n<em>Zu Sto\u00dfzeiten, wie zum Beispiel w\u00e4hrend des Mittagessens (zwischen 12.00 und 15.00 Uhr), haben wir m\u00f6glicherweise keine M\u00f6glichkeit, das Telefon zu nehmen. Entschuldigung daf\u00fcr und probieren Sie es zu einem anderen Zeitpunkt. Vielen herzlichen Dank! <\/em><\/p>\n<p><em><strong>Fragen<\/strong> <\/em><br \/>\n<em>Bei Fragen k\u00f6nnen Sie uns \u00fcber die genannten Kontaktdaten oder \u00fcber das untenstehende Kontaktformular kontaktieren. Wir versuchen Ihre Frage zu beantworten so bald wie m\u00f6glich.<\/em><\/p>\n<\/div><div class=\"accordian fusion-accordian\" style=\"--awb-border-size:1px;--awb-icon-size:13px;--awb-content-font-size:16px;--awb-icon-alignment:left;--awb-hover-color:#f9f9f9;--awb-border-color:#cccccc;--awb-background-color:#ffffff;--awb-divider-color:#e0dede;--awb-divider-hover-color:#e0dede;--awb-icon-color:#ffffff;--awb-title-color:#41934d;--awb-content-color:#222222;--awb-icon-box-color:#333333;--awb-toggle-hover-accent-color:#41934d;--awb-title-font-family:&quot;Playfair Display&quot;;--awb-title-font-weight:400;--awb-title-font-style:normal;--awb-title-font-size:18px;--awb-title-letter-spacing:0px;--awb-title-line-height:1.67;--awb-content-font-family:&quot;Questrial&quot;;--awb-content-font-style:normal;--awb-content-font-weight:400;\"><div class=\"panel-group fusion-toggle-icon-boxed\" id=\"accordion-2944-1\"><div class=\"fusion-panel panel-default panel-9b289fc9c302fdb35 fusion-toggle-has-divider\"><div class=\"panel-heading\"><h4 class=\"panel-title toggle\" id=\"toggle_9b289fc9c302fdb35\"><a aria-expanded=\"false\" aria-controls=\"9b289fc9c302fdb35\" role=\"button\" data-toggle=\"collapse\" data-parent=\"#accordion-2944-1\" data-target=\"#9b289fc9c302fdb35\" href=\"#9b289fc9c302fdb35\"><span class=\"fusion-toggle-icon-wrapper\" aria-hidden=\"true\"><i class=\"fa-fusion-box active-icon awb-icon-minus\" aria-hidden=\"true\"><\/i><i class=\"fa-fusion-box inactive-icon awb-icon-plus\" aria-hidden=\"true\"><\/i><\/span><span class=\"fusion-toggle-heading\">Kontaktformular<\/span><\/a><\/h4><\/div><div id=\"9b289fc9c302fdb35\" class=\"panel-collapse collapse \" aria-labelledby=\"toggle_9b289fc9c302fdb35\"><div class=\"panel-body toggle-content fusion-clearfix\">\n\n<div class=\"wpcf7 no-js\" id=\"wpcf7-f2943-o1\" lang=\"nl-NL\" dir=\"ltr\" data-wpcf7-id=\"2943\">\n<div class=\"screen-reader-response\"><p role=\"status\" aria-live=\"polite\" aria-atomic=\"true\"><\/p> <ul><\/ul><\/div>\n<form action=\"\/de\/wp-json\/wp\/v2\/pages\/2944#wpcf7-f2943-o1\" method=\"post\" class=\"wpcf7-form init\" aria-label=\"Contactformulier\" novalidate=\"novalidate\" data-status=\"init\">\n<fieldset class=\"hidden-fields-container\"><input type=\"hidden\" name=\"_wpcf7\" value=\"2943\" \/><input type=\"hidden\" name=\"_wpcf7_version\" value=\"6.1.5\" \/><input type=\"hidden\" name=\"_wpcf7_locale\" value=\"nl_NL\" \/><input type=\"hidden\" name=\"_wpcf7_unit_tag\" value=\"wpcf7-f2943-o1\" \/><input type=\"hidden\" name=\"_wpcf7_container_post\" value=\"0\" \/><input type=\"hidden\" name=\"_wpcf7_posted_data_hash\" value=\"\" \/><input type=\"hidden\" name=\"_wpcf7_recaptcha_response\" value=\"\" \/>\n<\/fieldset>\n<p><span class=\"wpcf7-form-control-wrap\" data-name=\"naam\"><input size=\"40\" maxlength=\"400\" class=\"wpcf7-form-control wpcf7-text wpcf7-validates-as-required\" aria-required=\"true\" aria-invalid=\"false\" placeholder=\"Ihr Name..\" value=\"\" type=\"text\" name=\"naam\" \/><\/span>\n<\/p>\n<p><span class=\"wpcf7-form-control-wrap\" data-name=\"email\"><input size=\"40\" maxlength=\"400\" class=\"wpcf7-form-control wpcf7-email wpcf7-validates-as-required wpcf7-text wpcf7-validates-as-email\" aria-required=\"true\" aria-invalid=\"false\" placeholder=\"Ihre E-Mail-Adresse..\" value=\"\" type=\"email\" name=\"email\" \/><\/span>\n<\/p>\n<p><span class=\"wpcf7-form-control-wrap\" data-name=\"tel-953\"><input size=\"40\" maxlength=\"400\" class=\"wpcf7-form-control wpcf7-tel wpcf7-validates-as-required wpcf7-text wpcf7-validates-as-tel\" aria-required=\"true\" aria-invalid=\"false\" placeholder=\"Ihre Telefonnummer..\" value=\"\" type=\"tel\" name=\"tel-953\" \/><\/span>\n<\/p>\n<p><span class=\"wpcf7-form-control-wrap\" data-name=\"textarea-304\"><textarea cols=\"40\" rows=\"10\" maxlength=\"2000\" class=\"wpcf7-form-control wpcf7-textarea wpcf7-validates-as-required\" aria-required=\"true\" aria-invalid=\"false\" placeholder=\"Ihre Nachricht..\" name=\"textarea-304\"><\/textarea><\/span>\n<\/p>\n<p><span class=\"wpcf7-form-control-wrap\" data-name=\"Privacy\"><span class=\"wpcf7-form-control wpcf7-checkbox wpcf7-validates-as-required wpcf7-exclusive-checkbox\"><span class=\"wpcf7-list-item first last\"><label><input type=\"checkbox\" name=\"Privacy\" value=\"Ich stimme der Datenschutzerkl\u00e4rung zu\" \/><span class=\"wpcf7-list-item-label\">Ich stimme der Datenschutzerkl\u00e4rung zu<\/span><\/label><\/span><\/span><\/span><br \/>\n<a href=\"https:\/\/www.sfeerstal.nl\/privacy-verklaring\/\" target=\"_blank\">Lesen Sie die Datenschutzerkl\u00e4rung hier (auf Niederl\u00e4ndisch)<\/a>\n<\/p>\n<p><input class=\"wpcf7-form-control wpcf7-submit has-spinner\" type=\"submit\" value=\"Senden\" \/>\n<\/p><div class=\"fusion-alert alert custom alert-custom fusion-alert-center wpcf7-response-output fusion-alert-capitalize awb-alert-native-link-color alert-dismissable awb-alert-close-boxed\" style=\"--awb-border-top-left-radius:0px;--awb-border-top-right-radius:0px;--awb-border-bottom-left-radius:0px;--awb-border-bottom-right-radius:0px;\" role=\"alert\"><div class=\"fusion-alert-content-wrapper\"><span class=\"fusion-alert-content\"><\/span><\/div><button type=\"button\" class=\"close toggle-alert\" data-dismiss=\"alert\" aria-label=\"Sluiten\">&times;<\/button><\/div>\n<\/form>\n<\/div>\n\n<\/div><\/div><\/div><div class=\"fusion-panel panel-default panel-4e2c28f33f6f81bb8 fusion-toggle-has-divider\"><div class=\"panel-heading\"><h4 class=\"panel-title toggle\" id=\"toggle_4e2c28f33f6f81bb8\"><a aria-expanded=\"false\" aria-controls=\"4e2c28f33f6f81bb8\" role=\"button\" data-toggle=\"collapse\" data-parent=\"#accordion-2944-1\" data-target=\"#4e2c28f33f6f81bb8\" href=\"#4e2c28f33f6f81bb8\"><span class=\"fusion-toggle-icon-wrapper\" aria-hidden=\"true\"><i class=\"fa-fusion-box active-icon awb-icon-minus\" aria-hidden=\"true\"><\/i><i class=\"fa-fusion-box inactive-icon awb-icon-plus\" aria-hidden=\"true\"><\/i><\/span><span class=\"fusion-toggle-heading\"> Termin vereinbaren<\/span><\/a><\/h4><\/div><div id=\"4e2c28f33f6f81bb8\" class=\"panel-collapse collapse \" aria-labelledby=\"toggle_4e2c28f33f6f81bb8\"><div class=\"panel-body toggle-content fusion-clearfix\">\n<p>Gerne k\u00f6nnen Sie uns auch pers\u00f6nlich f\u00fcr einen Termin oder eine F\u00fchrung treffen. Es ist ratsam, daf\u00fcr einen Termin zu vereinbaren. Unsere Verf\u00fcgbarkeit Ein Termin ist von Montag bis Freitag von 9 bis 18 Uhr (M\u00e4rz bis Oktober) und von Montag bis Freitag von 9 bis 17 Uhr (November bis Februar) m\u00f6glich, wobei die Mittagspause nicht unsere Pr\u00e4ferenz ist.<\/p>\n<\/div><\/div><\/div><\/div><\/div><div class=\"fusion-clearfix\"><\/div><\/div><\/div><div class=\"fusion-layout-column fusion_builder_column fusion-builder-column-1 fusion_builder_column_1_3 1_3 fusion-one-third fusion-column-last\" style=\"--awb-bg-size:cover;width:30.6666%;\"><div class=\"fusion-column-wrapper fusion-flex-column-wrapper-legacy\"><div class=\"fusion-text fusion-text-2\"><p><strong>De Sfeerstal<\/strong><br \/>\nHogendijk 5<br \/>\n2441 CK Nieuwveen<br \/>\ntel : <a href=\"tel:0031172538642\">0031 172 &#8211; 53 86 42<\/a><br \/>\nEmail: <span id=\"cloak33524\"><a href=\"mailto:info@sfeerstal.nl\">info@sfeerstal.nl<\/a><\/span><\/p>\n<\/div><div class=\"fusion-align-block\"><a class=\"fusion-button button-flat button-large button-default fusion-button-default button-1 fusion-button-span-yes \" style=\"--button-border-radius-top-left:0px;--button-border-radius-top-right:0px;--button-border-radius-bottom-right:0px;--button-border-radius-bottom-left:0px;\" target=\"_self\" href=\"https:\/\/www.sfeerstal.nl\/de\/kontact\/offnungszeiten\/\"><span class=\"fusion-button-text awb-button__text awb-button__text--default\">OFFNUNGSZEITEN<\/span><\/a><\/div><div class=\"fusion-sep-clear\"><\/div><div class=\"fusion-separator fusion-full-width-sep\" style=\"margin-left: auto;margin-right: auto;margin-top:20px;width:100%;\"><\/div><div class=\"fusion-sep-clear\"><\/div><div class=\"fusion-image-element in-legacy-container\" style=\"--awb-caption-title-font-family:var(--h2_typography-font-family);--awb-caption-title-font-weight:var(--h2_typography-font-weight);--awb-caption-title-font-style:var(--h2_typography-font-style);--awb-caption-title-size:var(--h2_typography-font-size);--awb-caption-title-transform:var(--h2_typography-text-transform);--awb-caption-title-line-height:var(--h2_typography-line-height);--awb-caption-title-letter-spacing:var(--h2_typography-letter-spacing);\"><span class=\" fusion-imageframe imageframe-none imageframe-1 hover-type-none\"><img decoding=\"async\" width=\"499\" height=\"499\" title=\"contact-sfeerstal\" src=\"https:\/\/www.sfeerstal.nl\/wp-content\/uploads\/2015\/02\/contact-sfeerstal.jpg\" alt class=\"img-responsive wp-image-7416\" srcset=\"https:\/\/www.sfeerstal.nl\/wp-content\/uploads\/2015\/02\/contact-sfeerstal-200x200.jpg 200w, https:\/\/www.sfeerstal.nl\/wp-content\/uploads\/2015\/02\/contact-sfeerstal-400x400.jpg 400w, https:\/\/www.sfeerstal.nl\/wp-content\/uploads\/2015\/02\/contact-sfeerstal.jpg 499w\" sizes=\"(max-width: 985px) 100vw, 400px\" \/><\/span><\/div><div class=\"fusion-clearfix\"><\/div><\/div><\/div><\/div><\/div><div class=\"fusion-fullwidth fullwidth-box fusion-builder-row-2 nonhundred-percent-fullwidth non-hundred-percent-height-scrolling\" style=\"--awb-background-position:left top;--awb-border-sizes-top:0px;--awb-border-sizes-bottom:0px;--awb-border-sizes-left:0px;--awb-border-sizes-right:0px;--awb-border-radius-top-left:0px;--awb-border-radius-top-right:0px;--awb-border-radius-bottom-right:0px;--awb-border-radius-bottom-left:0px;--awb-padding-top:0px;--awb-padding-bottom:0px;--awb-flex-wrap:wrap;\" ><div class=\"fusion-builder-row fusion-row\"><div class=\"fusion-layout-column fusion_builder_column fusion-builder-column-2 fusion_builder_column_1_1 1_1 fusion-one-full fusion-column-first fusion-column-last fusion-column-no-min-height\" style=\"--awb-padding-top:35px;--awb-bg-size:cover;--awb-margin-bottom:0px;\"><div class=\"fusion-column-wrapper fusion-flex-column-wrapper-legacy\"><div class=\"fusion-image-element fusion-image-align-center in-legacy-container\" style=\"text-align:center;--awb-caption-title-font-family:var(--h2_typography-font-family);--awb-caption-title-font-weight:var(--h2_typography-font-weight);--awb-caption-title-font-style:var(--h2_typography-font-style);--awb-caption-title-size:var(--h2_typography-font-size);--awb-caption-title-transform:var(--h2_typography-text-transform);--awb-caption-title-line-height:var(--h2_typography-line-height);--awb-caption-title-letter-spacing:var(--h2_typography-letter-spacing);\"><div class=\"imageframe-align-center\"><span class=\" fusion-imageframe imageframe-none imageframe-2 hover-type-none\"><img decoding=\"async\" width=\"370\" height=\"82\" title=\"flowers_bottom2\" src=\"https:\/\/www.sfeerstal.nl\/wp-content\/uploads\/2015\/01\/flowers_bottom2.png\" alt class=\"img-responsive wp-image-5723\" srcset=\"https:\/\/www.sfeerstal.nl\/wp-content\/uploads\/2015\/01\/flowers_bottom2-300x66.png 300w, https:\/\/www.sfeerstal.nl\/wp-content\/uploads\/2015\/01\/flowers_bottom2.png 370w\" sizes=\"(max-width: 370px) 100vw, 370px\" \/><\/span><\/div><\/div><div class=\"fusion-clearfix\"><\/div><\/div><\/div><\/div><\/div><\/p>\n","protected":false},"excerpt":{"rendered":"","protected":false},"author":1,"featured_media":0,"parent":0,"menu_order":0,"comment_status":"open","ping_status":"open","template":"100-width.php","meta":{"footnotes":""},"class_list":["post-2944","page","type-page","status-publish","hentry"],"aioseo_notices":[],"_links":{"self":[{"href":"https:\/\/www.sfeerstal.nl\/de\/wp-json\/wp\/v2\/pages\/2944","targetHints":{"allow":["GET"]}}],"collection":[{"href":"https:\/\/www.sfeerstal.nl\/de\/wp-json\/wp\/v2\/pages"}],"about":[{"href":"https:\/\/www.sfeerstal.nl\/de\/wp-json\/wp\/v2\/types\/page"}],"author":[{"embeddable":true,"href":"https:\/\/www.sfeerstal.nl\/de\/wp-json\/wp\/v2\/users\/1"}],"replies":[{"embeddable":true,"href":"https:\/\/www.sfeerstal.nl\/de\/wp-json\/wp\/v2\/comments?post=2944"}],"version-history":[{"count":7,"href":"https:\/\/www.sfeerstal.nl\/de\/wp-json\/wp\/v2\/pages\/2944\/revisions"}],"predecessor-version":[{"id":9623,"href":"https:\/\/www.sfeerstal.nl\/de\/wp-json\/wp\/v2\/pages\/2944\/revisions\/9623"}],"wp:attachment":[{"href":"https:\/\/www.sfeerstal.nl\/de\/wp-json\/wp\/v2\/media?parent=2944"}],"curies":[{"name":"wp","href":"https:\/\/api.w.org\/{rel}","templated":true}]}}