{"id":2952,"date":"2020-05-21T16:22:28","date_gmt":"2020-05-21T14:22:28","guid":{"rendered":"http:\/\/www.sfeerstal.nl\/teehaus\/"},"modified":"2022-11-22T15:10:04","modified_gmt":"2022-11-22T14:10:04","slug":"teehaus","status":"publish","type":"page","link":"https:\/\/www.sfeerstal.nl\/de\/teehaus\/","title":{"rendered":"Teehaus"},"content":{"rendered":"<div class=\"fusion-fullwidth fullwidth-box fusion-builder-row-1 nonhundred-percent-fullwidth non-hundred-percent-height-scrolling\" style=\"--awb-background-position:left top;--awb-border-radius-top-left:0px;--awb-border-radius-top-right:0px;--awb-border-radius-bottom-right:0px;--awb-border-radius-bottom-left:0px;--awb-padding-top:0px;--awb-padding-bottom:0px;--awb-border-sizes-top:0px;--awb-border-sizes-bottom:0px;--awb-flex-wrap:wrap;\" ><div class=\"fusion-builder-row fusion-row\"><div class=\"fusion-layout-column fusion_builder_column fusion-builder-column-0 fusion_builder_column_1_1 1_1 fusion-one-full fusion-column-first fusion-column-last\" style=\"--awb-bg-size:cover;\"><div class=\"fusion-column-wrapper fusion-flex-column-wrapper-legacy\"><div class=\"fusion-text fusion-text-1\"><p>De Sfeerstal bietet Ihnen ein stimmungsvolles Teehaus mit Terrasse, wo Sie einen herrlichen Drink, St\u00fccke Hausmachertorte oder einen schmackhaften Lunch genie\u00dfen k\u00f6nnen.<\/p>\n<p>Ein hausgemachter High Tea sollte mindestens 3 Tage im Voraus reserviert werden. Das Teehaus ist \u00a0mit dem Rollstuhl zug\u00e4nglich und auch eine Behindertentoilette ist verf\u00fcgbar. De Sfeerstal eignet sich zudem f\u00fcr Feste &amp; Partys.<\/p>\n<\/div><div class=\"fusion-clearfix\"><\/div><\/div><\/div><div class=\"fusion-layout-column fusion_builder_column fusion-builder-column-1 fusion_builder_column_1_3 1_3 fusion-one-third fusion-column-first\" style=\"--awb-bg-size:cover;width:30.6666%; margin-right: 4%;\"><div class=\"fusion-column-wrapper fusion-flex-column-wrapper-legacy\"><div class=\"fusion-image-element in-legacy-container\" style=\"--awb-caption-title-font-family:var(--h2_typography-font-family);--awb-caption-title-font-weight:var(--h2_typography-font-weight);--awb-caption-title-font-style:var(--h2_typography-font-style);--awb-caption-title-size:var(--h2_typography-font-size);--awb-caption-title-transform:var(--h2_typography-text-transform);--awb-caption-title-line-height:var(--h2_typography-line-height);--awb-caption-title-letter-spacing:var(--h2_typography-letter-spacing);\"><span class=\" fusion-imageframe imageframe-none imageframe-1 hover-type-none\"><img decoding=\"async\" width=\"499\" height=\"499\" title=\"theehuis-1\" src=\"https:\/\/www.sfeerstal.nl\/wp-content\/uploads\/2016\/04\/theehuis-1.jpg\" alt class=\"img-responsive wp-image-6830\" srcset=\"https:\/\/www.sfeerstal.nl\/wp-content\/uploads\/2016\/04\/theehuis-1-200x200.jpg 200w, https:\/\/www.sfeerstal.nl\/wp-content\/uploads\/2016\/04\/theehuis-1-400x400.jpg 400w, https:\/\/www.sfeerstal.nl\/wp-content\/uploads\/2016\/04\/theehuis-1.jpg 499w\" sizes=\"(max-width: 985px) 100vw, 400px\" \/><\/span><\/div><div class=\"fusion-clearfix\"><\/div><\/div><\/div><div class=\"fusion-layout-column fusion_builder_column fusion-builder-column-2 fusion_builder_column_1_3 1_3 fusion-one-third\" style=\"--awb-bg-size:cover;width:30.6666%; margin-right: 4%;\"><div class=\"fusion-column-wrapper fusion-flex-column-wrapper-legacy\"><div class=\"fusion-image-element in-legacy-container\" style=\"--awb-caption-title-font-family:var(--h2_typography-font-family);--awb-caption-title-font-weight:var(--h2_typography-font-weight);--awb-caption-title-font-style:var(--h2_typography-font-style);--awb-caption-title-size:var(--h2_typography-font-size);--awb-caption-title-transform:var(--h2_typography-text-transform);--awb-caption-title-line-height:var(--h2_typography-line-height);--awb-caption-title-letter-spacing:var(--h2_typography-letter-spacing);\"><span class=\" fusion-imageframe imageframe-none imageframe-2 hover-type-none\"><img decoding=\"async\" width=\"499\" height=\"499\" title=\"theehuis-2\" src=\"https:\/\/www.sfeerstal.nl\/wp-content\/uploads\/2016\/04\/theehuis-2.jpg\" alt class=\"img-responsive wp-image-6831\" srcset=\"https:\/\/www.sfeerstal.nl\/wp-content\/uploads\/2016\/04\/theehuis-2-200x200.jpg 200w, https:\/\/www.sfeerstal.nl\/wp-content\/uploads\/2016\/04\/theehuis-2-400x400.jpg 400w, https:\/\/www.sfeerstal.nl\/wp-content\/uploads\/2016\/04\/theehuis-2.jpg 499w\" sizes=\"(max-width: 985px) 100vw, 400px\" \/><\/span><\/div><div class=\"fusion-clearfix\"><\/div><\/div><\/div><div class=\"fusion-layout-column fusion_builder_column fusion-builder-column-3 fusion_builder_column_1_3 1_3 fusion-one-third fusion-column-last\" style=\"--awb-bg-size:cover;width:30.6666%;\"><div class=\"fusion-column-wrapper fusion-flex-column-wrapper-legacy\"><div class=\"fusion-image-element in-legacy-container\" style=\"--awb-caption-title-font-family:var(--h2_typography-font-family);--awb-caption-title-font-weight:var(--h2_typography-font-weight);--awb-caption-title-font-style:var(--h2_typography-font-style);--awb-caption-title-size:var(--h2_typography-font-size);--awb-caption-title-transform:var(--h2_typography-text-transform);--awb-caption-title-line-height:var(--h2_typography-line-height);--awb-caption-title-letter-spacing:var(--h2_typography-letter-spacing);\"><span class=\" fusion-imageframe imageframe-none imageframe-3 hover-type-none\"><img decoding=\"async\" width=\"499\" height=\"499\" title=\"theehuis-3\" src=\"https:\/\/www.sfeerstal.nl\/wp-content\/uploads\/2016\/04\/theehuis-3.jpg\" alt class=\"img-responsive wp-image-6832\" srcset=\"https:\/\/www.sfeerstal.nl\/wp-content\/uploads\/2016\/04\/theehuis-3-200x200.jpg 200w, https:\/\/www.sfeerstal.nl\/wp-content\/uploads\/2016\/04\/theehuis-3-400x400.jpg 400w, https:\/\/www.sfeerstal.nl\/wp-content\/uploads\/2016\/04\/theehuis-3.jpg 499w\" sizes=\"(max-width: 985px) 100vw, 400px\" \/><\/span><\/div><div class=\"fusion-clearfix\"><\/div><\/div><\/div><div class=\"fusion-layout-column fusion_builder_column fusion-builder-column-4 fusion_builder_column_1_1 1_1 fusion-one-full fusion-column-first fusion-column-last fusion-column-no-min-height\" style=\"--awb-bg-size:cover;--awb-margin-bottom:0px;\"><div class=\"fusion-column-wrapper fusion-flex-column-wrapper-legacy\"><div class=\"fusion-text fusion-text-2\"><\/div><div class=\"fusion-sep-clear\"><\/div><div class=\"fusion-separator fusion-full-width-sep\" style=\"margin-left: auto;margin-right: auto;margin-top:35px;width:100%;\"><\/div><div class=\"fusion-sep-clear\"><\/div><div class=\"fusion-image-element fusion-image-align-center in-legacy-container\" style=\"text-align:center;--awb-caption-title-font-family:var(--h2_typography-font-family);--awb-caption-title-font-weight:var(--h2_typography-font-weight);--awb-caption-title-font-style:var(--h2_typography-font-style);--awb-caption-title-size:var(--h2_typography-font-size);--awb-caption-title-transform:var(--h2_typography-text-transform);--awb-caption-title-line-height:var(--h2_typography-line-height);--awb-caption-title-letter-spacing:var(--h2_typography-letter-spacing);\"><div class=\"imageframe-align-center\"><span class=\" fusion-imageframe imageframe-none imageframe-4 hover-type-none\"><img decoding=\"async\" width=\"370\" height=\"82\" title=\"flowers_bottom2\" src=\"https:\/\/www.sfeerstal.nl\/wp-content\/uploads\/2015\/01\/flowers_bottom2.png\" alt class=\"img-responsive wp-image-5723\" srcset=\"https:\/\/www.sfeerstal.nl\/wp-content\/uploads\/2015\/01\/flowers_bottom2-300x66.png 300w, https:\/\/www.sfeerstal.nl\/wp-content\/uploads\/2015\/01\/flowers_bottom2.png 370w\" sizes=\"(max-width: 370px) 100vw, 370px\" \/><\/span><\/div><\/div><div class=\"fusion-clearfix\"><\/div><\/div><\/div><\/div><\/div>\n<p>&nbsp;<\/p>\n","protected":false},"excerpt":{"rendered":"<p>&nbsp;<\/p>\n","protected":false},"author":1,"featured_media":0,"parent":0,"menu_order":0,"comment_status":"closed","ping_status":"closed","template":"100-width.php","meta":{"footnotes":""},"class_list":["post-2952","page","type-page","status-publish","hentry"],"aioseo_notices":[],"_links":{"self":[{"href":"https:\/\/www.sfeerstal.nl\/de\/wp-json\/wp\/v2\/pages\/2952","targetHints":{"allow":["GET"]}}],"collection":[{"href":"https:\/\/www.sfeerstal.nl\/de\/wp-json\/wp\/v2\/pages"}],"about":[{"href":"https:\/\/www.sfeerstal.nl\/de\/wp-json\/wp\/v2\/types\/page"}],"author":[{"embeddable":true,"href":"https:\/\/www.sfeerstal.nl\/de\/wp-json\/wp\/v2\/users\/1"}],"replies":[{"embeddable":true,"href":"https:\/\/www.sfeerstal.nl\/de\/wp-json\/wp\/v2\/comments?post=2952"}],"version-history":[{"count":2,"href":"https:\/\/www.sfeerstal.nl\/de\/wp-json\/wp\/v2\/pages\/2952\/revisions"}],"predecessor-version":[{"id":8175,"href":"https:\/\/www.sfeerstal.nl\/de\/wp-json\/wp\/v2\/pages\/2952\/revisions\/8175"}],"wp:attachment":[{"href":"https:\/\/www.sfeerstal.nl\/de\/wp-json\/wp\/v2\/media?parent=2952"}],"curies":[{"name":"wp","href":"https:\/\/api.w.org\/{rel}","templated":true}]}}